{"id":762,"date":"2026-03-27T19:10:38","date_gmt":"2026-03-27T18:10:38","guid":{"rendered":"https:\/\/ajwear.pl\/?post_type=product&#038;p=762"},"modified":"2026-03-27T19:04:52","modified_gmt":"2026-03-27T18:04:52","slug":"szara-koszula-polo-ralph-lauren-m-featherweight-mesh-100-cotton","status":"publish","type":"product","link":"https:\/\/ajwear.pl\/?product=szara-koszula-polo-ralph-lauren-m-featherweight-mesh-100-cotton","title":{"rendered":"Szara koszula Polo Ralph Lauren M Featherweight Mesh 100% cotton"},"content":{"rendered":"<p><strong>\ud83d\udccf WYMIARY (cm):<\/strong><\/p>\n<ul>\n<li><strong>A.<\/strong> Od pachy do pachy: 54cm<\/li>\n<li><strong>B.<\/strong> Szeroko\u015b\u0107 w ramionach: 46cm<\/li>\n<li><strong>C.<\/strong> D\u0142ugo\u015b\u0107 ca\u0142kowita: 77cm<\/li>\n<li><strong>D.<\/strong> D\u0142ugo\u015b\u0107 r\u0119kawa 68cm<\/li>\n<li><strong>E.<\/strong> D\u0142ugo\u015b\u0107 r\u0119kawa (od pachy) 54cm<\/li>\n<\/ul>\n<p><strong>\u2702\ufe0f STAN I WADY:<\/strong><br \/>\nStan: Bardzo dobry \/ Idealny<br \/>\nWady: Brak- brak plam pod pachami czy na karku, brak dziur, zaci\u0105gni\u0119\u0107 materia\u0142u, kolor i materia\u0142 nie s\u0105 sprane.<\/p>\n<hr \/>\n<p><strong>JAK MIERZYMY? (Schemat):<\/strong><br \/>\n<img decoding=\"async\" style=\"max-width: 100%; height: auto; margin-top: 10px; border: 1px solid #ccc; border-radius: 4px;\" src=\"https:\/\/ajwear.pl\/wp-content\/uploads\/2026\/02\/7f06573b-1c57-497f-8fad-3d7e79539f66.jpg\" alt=\"Schemat mierzenia\" \/><\/p>\n","protected":false},"excerpt":{"rendered":"<p data-path-to-node=\"6\"><b data-path-to-node=\"6\" data-index-in-node=\"0\">Klasyka w najl\u017cejszym wydaniu<\/b><\/p>\n<p data-path-to-node=\"6\">Przedstawiamy szar\u0105 koszul\u0119 legendarnej marki Ralph Lauren z linii <b data-path-to-node=\"6\" data-index-in-node=\"97\">Featherweight Mesh<\/b>. To idealny wyb\u00f3r dla m\u0119\u017cczyzn, kt\u00f3rzy ceni\u0105 sobie elegancj\u0119 po\u0142\u0105czon\u0105 z niesamowitym komfortem. Materia\u0142 o strukturze &#8222;siateczki&#8221; jest wyj\u0105tkowo przewiewny i lekki, co czyni t\u0119 koszul\u0119 doskona\u0142ym elementem garderoby na ka\u017cd\u0105 por\u0119 roku.<\/p>\n<p data-path-to-node=\"7\"><b data-path-to-node=\"7\" data-index-in-node=\"0\">Dlaczego warto?<\/b><\/p>\n<ul data-path-to-node=\"8\">\n<li>\n<p data-path-to-node=\"8,0,0\"><b data-path-to-node=\"8,0,0\" data-index-in-node=\"0\">Marka:<\/b> Ralph Lauren (linia Polo).<\/p>\n<\/li>\n<li>\n<p data-path-to-node=\"8,1,0\"><b data-path-to-node=\"8,1,0\" data-index-in-node=\"0\">Kr\u00f3j:<\/b> Klasyczny, z ko\u0142nierzykiem typu button-down.<\/p>\n<\/li>\n<li>\n<p data-path-to-node=\"8,2,0\"><b data-path-to-node=\"8,2,0\" data-index-in-node=\"0\">Kolor:<\/b> Uniwersalny, melan\u017cowy szary, kt\u00f3ry pasuje zar\u00f3wno do jeans\u00f3w, jak i chinos\u00f3w.<\/p>\n<\/li>\n<li>\n<p data-path-to-node=\"8,3,0\"><b data-path-to-node=\"8,3,0\" data-index-in-node=\"0\">Detale:<\/b> Charakterystyczne, granatowe logo gracza polo na piersi.<\/p>\n<\/li>\n<li>\n<p data-path-to-node=\"8,4,0\"><b data-path-to-node=\"8,4,0\" data-index-in-node=\"0\">Rozmiar z metki:<\/b> M (szczeg\u00f3\u0142y widoczne na zdj\u0119ciach).<\/p>\n<\/li>\n<li><strong>Sk\u0142ad:<\/strong> 100% bawe\u0142na siateczkowa<\/li>\n<\/ul>\n<p data-path-to-node=\"9\"><b data-path-to-node=\"9\" data-index-in-node=\"0\">Transparentno\u015b\u0107 i Zaufanie w AJWEAR<\/b> W moim sklepie stawiam na pe\u0142n\u0105 uczciwo\u015b\u0107. Kupujesz rzecz u\u017cywan\u0105, ale wyselekcjonowan\u0105 \u2013 koszula jest w \u015bwietnym stanie. Zgodnie z moj\u0105 zasad\u0105 &#8222;zero ukrytych wad&#8221;.<\/p>\n<p data-path-to-node=\"9\">\n<p style=\"text-align: center;\" data-path-to-node=\"9\">Do\u0142\u0105cz do grona ponad <b data-path-to-node=\"11\" data-index-in-node=\"22\">1400 zadowolonych klient\u00f3w<\/b>, kt\u00f3rzy zaufali jako\u015bci AJWEAR. Kupuj\u0105c u mnie, masz pewno\u015b\u0107, \u017ce otrzymasz produkt dok\u0142adnie taki, jak na zdj\u0119ciach.<\/p>\n","protected":false},"featured_media":763,"comment_status":"open","ping_status":"closed","template":"","meta":{"site-sidebar-layout":"default","site-content-layout":"","ast-site-content-layout":"default","site-content-style":"default","site-sidebar-style":"default","ast-global-header-display":"","ast-banner-title-visibility":"","ast-main-header-display":"","ast-hfb-above-header-display":"","ast-hfb-below-header-display":"","ast-hfb-mobile-header-display":"","site-post-title":"","ast-breadcrumbs-content":"","ast-featured-img":"","footer-sml-layout":"","ast-disable-related-posts":"","theme-transparent-header-meta":"default","adv-header-id-meta":"","stick-header-meta":"","header-above-stick-meta":"","header-main-stick-meta":"","header-below-stick-meta":"","astra-migrate-meta-layouts":"set","ast-page-background-enabled":"default","ast-page-background-meta":{"desktop":{"background-color":"var(--ast-global-color-5)","background-image":"","background-repeat":"repeat","background-position":"center center","background-size":"auto","background-attachment":"scroll","background-type":"","background-media":"","overlay-type":"","overlay-color":"","overlay-opacity":"","overlay-gradient":""},"tablet":{"background-color":"","background-image":"","background-repeat":"repeat","background-position":"center center","background-size":"auto","background-attachment":"scroll","background-type":"","background-media":"","overlay-type":"","overlay-color":"","overlay-opacity":"","overlay-gradient":""},"mobile":{"background-color":"","background-image":"","background-repeat":"repeat","background-position":"center center","background-size":"auto","background-attachment":"scroll","background-type":"","background-media":"","overlay-type":"","overlay-color":"","overlay-opacity":"","overlay-gradient":""}},"ast-content-background-meta":{"desktop":{"background-color":"var(--ast-global-color-4)","background-image":"","background-repeat":"repeat","background-position":"center center","background-size":"auto","background-attachment":"scroll","background-type":"","background-media":"","overlay-type":"","overlay-color":"","overlay-opacity":"","overlay-gradient":""},"tablet":{"background-color":"var(--ast-global-color-4)","background-image":"","background-repeat":"repeat","background-position":"center center","background-size":"auto","background-attachment":"scroll","background-type":"","background-media":"","overlay-type":"","overlay-color":"","overlay-opacity":"","overlay-gradient":""},"mobile":{"background-color":"var(--ast-global-color-4)","background-image":"","background-repeat":"repeat","background-position":"center center","background-size":"auto","background-attachment":"scroll","background-type":"","background-media":"","overlay-type":"","overlay-color":"","overlay-opacity":"","overlay-gradient":""}}},"product_brand":[26],"product_cat":[19],"product_tag":[],"class_list":{"0":"post-762","1":"product","2":"type-product","3":"status-publish","4":"has-post-thumbnail","6":"product_brand-polo-ralph-lauren","7":"product_cat-koszule","8":"desktop-align-left","9":"tablet-align-left","10":"mobile-align-left","12":"first","13":"instock","14":"sale","15":"sold-individually","16":"shipping-taxable","17":"purchasable","18":"product-type-simple"},"_links":{"self":[{"href":"https:\/\/ajwear.pl\/index.php?rest_route=\/wp\/v2\/product\/762","targetHints":{"allow":["GET"]}}],"collection":[{"href":"https:\/\/ajwear.pl\/index.php?rest_route=\/wp\/v2\/product"}],"about":[{"href":"https:\/\/ajwear.pl\/index.php?rest_route=\/wp\/v2\/types\/product"}],"replies":[{"embeddable":true,"href":"https:\/\/ajwear.pl\/index.php?rest_route=%2Fwp%2Fv2%2Fcomments&post=762"}],"wp:featuredmedia":[{"embeddable":true,"href":"https:\/\/ajwear.pl\/index.php?rest_route=\/wp\/v2\/media\/763"}],"wp:attachment":[{"href":"https:\/\/ajwear.pl\/index.php?rest_route=%2Fwp%2Fv2%2Fmedia&parent=762"}],"wp:term":[{"taxonomy":"product_brand","embeddable":true,"href":"https:\/\/ajwear.pl\/index.php?rest_route=%2Fwp%2Fv2%2Fproduct_brand&post=762"},{"taxonomy":"product_cat","embeddable":true,"href":"https:\/\/ajwear.pl\/index.php?rest_route=%2Fwp%2Fv2%2Fproduct_cat&post=762"},{"taxonomy":"product_tag","embeddable":true,"href":"https:\/\/ajwear.pl\/index.php?rest_route=%2Fwp%2Fv2%2Fproduct_tag&post=762"}],"curies":[{"name":"wp","href":"https:\/\/api.w.org\/{rel}","templated":true}]}}