{"id":730,"date":"2026-03-12T22:21:31","date_gmt":"2026-03-12T21:21:31","guid":{"rendered":"https:\/\/ajwear.pl\/?post_type=product&#038;p=730"},"modified":"2026-03-12T22:21:31","modified_gmt":"2026-03-12T21:21:31","slug":"czarna-skorzana-kurtka-polo-ralph-lauren-l-100-skora-jagnieca","status":"publish","type":"product","link":"https:\/\/ajwear.pl\/?product=czarna-skorzana-kurtka-polo-ralph-lauren-l-100-skora-jagnieca","title":{"rendered":"Czarna sk\u00f3rzana kurtka Polo Ralph Lauren L 100% sk\u00f3ra jagni\u0119ca"},"content":{"rendered":"<p><strong>\ud83d\udccf WYMIARY (cm):<\/strong><\/p>\n<ul>\n<li><strong>A.<\/strong> Od pachy do pachy: 66cm<\/li>\n<li><strong>B.<\/strong> Szeroko\u015b\u0107 w ramionach: 55cm<\/li>\n<li><strong>C.<\/strong> D\u0142ugo\u015b\u0107 ca\u0142kowita: 74cm<\/li>\n<li><strong>D.<\/strong> D\u0142ugo\u015b\u0107 r\u0119kawa (od ramienia): 63cm<\/li>\n<li><strong>E.<\/strong> D\u0142ugo\u015b\u0107 r\u0119kawa (od pachy): 53cm<\/li>\n<\/ul>\n<p><strong>\u2702\ufe0f STAN I WADY:<\/strong><br \/>\nStan: Bardzo dobry \/Idealny<br \/>\nWady: Brak<\/p>\n<p><strong>\ud83d\udca1 STYL\u00d3WKA:<\/strong><br \/>\nDo czego s\u0142u\u017cy: Casual Daily<br \/>\nDo jakich kolor\u00f3w pasuje: Be\u017cowy\/Czarny\/Granatowy\/Szary\/Bia\u0142y\/Jeans<\/p>\n<hr \/>\n<p><strong>JAK MIERZYMY? (Schemat):<\/strong><br \/>\n<img decoding=\"async\" style=\"max-width: 100%; height: auto; margin-top: 10px; border: 1px solid #ccc; border-radius: 4px;\" src=\"https:\/\/ajwear.pl\/wp-content\/uploads\/2026\/02\/7f06573b-1c57-497f-8fad-3d7e79539f66.jpg\" alt=\"Schemat mierzenia\" \/><\/p>\n","protected":false},"excerpt":{"rendered":"<p>Czarna kolekcjonerska sk\u00f3rzana kurtka Polo Ralph Lauren L 100% sk\u00f3ra jagni\u0119ca w stanie idealnym bez wad, bardzo mi\u0119kka i przyjemna w dotyku sk\u00f3ra naturalna, pi\u0119knie pachnie i jest ponadczasowa. Stan oceniam na 10\/10<\/p>\n","protected":false},"featured_media":688,"comment_status":"open","ping_status":"closed","template":"","meta":{"site-sidebar-layout":"default","site-content-layout":"","ast-site-content-layout":"default","site-content-style":"default","site-sidebar-style":"default","ast-global-header-display":"","ast-banner-title-visibility":"","ast-main-header-display":"","ast-hfb-above-header-display":"","ast-hfb-below-header-display":"","ast-hfb-mobile-header-display":"","site-post-title":"","ast-breadcrumbs-content":"","ast-featured-img":"","footer-sml-layout":"","ast-disable-related-posts":"","theme-transparent-header-meta":"default","adv-header-id-meta":"","stick-header-meta":"","header-above-stick-meta":"","header-main-stick-meta":"","header-below-stick-meta":"","astra-migrate-meta-layouts":"set","ast-page-background-enabled":"default","ast-page-background-meta":{"desktop":{"background-color":"var(--ast-global-color-5)","background-image":"","background-repeat":"repeat","background-position":"center center","background-size":"auto","background-attachment":"scroll","background-type":"","background-media":"","overlay-type":"","overlay-color":"","overlay-opacity":"","overlay-gradient":""},"tablet":{"background-color":"","background-image":"","background-repeat":"repeat","background-position":"center center","background-size":"auto","background-attachment":"scroll","background-type":"","background-media":"","overlay-type":"","overlay-color":"","overlay-opacity":"","overlay-gradient":""},"mobile":{"background-color":"","background-image":"","background-repeat":"repeat","background-position":"center center","background-size":"auto","background-attachment":"scroll","background-type":"","background-media":"","overlay-type":"","overlay-color":"","overlay-opacity":"","overlay-gradient":""}},"ast-content-background-meta":{"desktop":{"background-color":"var(--ast-global-color-4)","background-image":"","background-repeat":"repeat","background-position":"center center","background-size":"auto","background-attachment":"scroll","background-type":"","background-media":"","overlay-type":"","overlay-color":"","overlay-opacity":"","overlay-gradient":""},"tablet":{"background-color":"var(--ast-global-color-4)","background-image":"","background-repeat":"repeat","background-position":"center center","background-size":"auto","background-attachment":"scroll","background-type":"","background-media":"","overlay-type":"","overlay-color":"","overlay-opacity":"","overlay-gradient":""},"mobile":{"background-color":"var(--ast-global-color-4)","background-image":"","background-repeat":"repeat","background-position":"center center","background-size":"auto","background-attachment":"scroll","background-type":"","background-media":"","overlay-type":"","overlay-color":"","overlay-opacity":"","overlay-gradient":""}}},"product_brand":[26],"product_cat":[21],"product_tag":[],"class_list":{"0":"post-730","1":"product","2":"type-product","3":"status-publish","4":"has-post-thumbnail","6":"product_brand-polo-ralph-lauren","7":"product_cat-kurtki","8":"desktop-align-left","9":"tablet-align-left","10":"mobile-align-left","12":"first","13":"instock","14":"sale","15":"sold-individually","16":"shipping-taxable","17":"purchasable","18":"product-type-simple"},"_links":{"self":[{"href":"https:\/\/ajwear.pl\/index.php?rest_route=\/wp\/v2\/product\/730","targetHints":{"allow":["GET"]}}],"collection":[{"href":"https:\/\/ajwear.pl\/index.php?rest_route=\/wp\/v2\/product"}],"about":[{"href":"https:\/\/ajwear.pl\/index.php?rest_route=\/wp\/v2\/types\/product"}],"replies":[{"embeddable":true,"href":"https:\/\/ajwear.pl\/index.php?rest_route=%2Fwp%2Fv2%2Fcomments&post=730"}],"wp:featuredmedia":[{"embeddable":true,"href":"https:\/\/ajwear.pl\/index.php?rest_route=\/wp\/v2\/media\/688"}],"wp:attachment":[{"href":"https:\/\/ajwear.pl\/index.php?rest_route=%2Fwp%2Fv2%2Fmedia&parent=730"}],"wp:term":[{"taxonomy":"product_brand","embeddable":true,"href":"https:\/\/ajwear.pl\/index.php?rest_route=%2Fwp%2Fv2%2Fproduct_brand&post=730"},{"taxonomy":"product_cat","embeddable":true,"href":"https:\/\/ajwear.pl\/index.php?rest_route=%2Fwp%2Fv2%2Fproduct_cat&post=730"},{"taxonomy":"product_tag","embeddable":true,"href":"https:\/\/ajwear.pl\/index.php?rest_route=%2Fwp%2Fv2%2Fproduct_tag&post=730"}],"curies":[{"name":"wp","href":"https:\/\/api.w.org\/{rel}","templated":true}]}}